{"id":11580,"date":"2020-06-16T14:06:02","date_gmt":"2020-06-16T14:06:02","guid":{"rendered":"http:\/\/elexpert.ma\/beta\/?page_id=11580"},"modified":"2021-03-31T11:51:31","modified_gmt":"2021-03-31T11:51:31","slug":"double-garantie","status":"publish","type":"page","link":"https:\/\/elexpert.ma\/index.php\/double-garantie\/","title":{"rendered":"Double garantie"},"content":{"rendered":"<div class=\"wpb-content-wrapper\"><p>[vc_row full_width=&#8221;stretch_row&#8221; css=&#8221;.vc_custom_1592316444763{padding-top: 200px !important;padding-bottom: 100px !important;background-image: url(https:\/\/elexpert.ma\/wp-content\/uploads\/revslider\/client-meeting-scaled.jpg?id=10235) !important;background-position: center !important;background-repeat: no-repeat !important;background-size: cover !important;}&#8221;][vc_column width=&#8221;2\/3&#8243;][\/vc_column][vc_column width=&#8221;1\/3&#8243;][\/vc_column][\/vc_row][vc_row][vc_column][vc_column_text]<\/p>\n<p class=\"ListParagraph\" style=\"text-align: justify;\"><span class=\"tm6\">Ce qui fait la diff\u00e9rence avec les autres acteurs du march\u00e9, c\u2019est notre engagement sur le r\u00e9sultat et dans la dur\u00e9e. <\/span><\/p>\n<p class=\"ListParagraph\" style=\"text-align: justify;\"><span class=\"tm6\">Pour nous, il n\u2019y a pas de clients. Nous n\u2019avons que des partenaires.<\/span><\/p>\n<p class=\"ListParagraph\" style=\"text-align: justify;\"><span class=\"tm6\">Si vous nous confiez votre projet d\u2019impl\u00e9mentation de la solution pr\u00e9conis\u00e9e par notre rapport, vous b\u00e9n\u00e9ficiez de\u00a0:<\/span><\/p>\n<ol>\n<li class=\"ListParagraph tm7\" style=\"text-align: justify;\"><span class=\"tm6\">Une garantie sur le r\u00e9sultat : satisfait ou rembours\u00e9<\/span><\/li>\n<li class=\"ListParagraph tm7\" style=\"text-align: justify;\"><span class=\"tm6\">Le doublement de la p\u00e9riode de garantie standard pour le mat\u00e9riel install\u00e9 (par exemple un mat\u00e9riel qui b\u00e9n\u00e9ficie d\u2019une garantie standard de 12 mois, sera garanti 24 mois, et un mat\u00e9riel qui b\u00e9n\u00e9ficie normalement d\u2019une garantie de 2 ans, sera garanti 4 ans par nos soins).<\/span><\/li>\n<\/ol>\n<p>[\/vc_column_text][vc_row_inner][vc_column_inner width=&#8221;1\/2&#8243;][\/vc_column_inner][vc_column_inner width=&#8221;1\/2&#8243;][\/vc_column_inner][\/vc_row_inner][\/vc_column][\/vc_row][vc_row][vc_column][vc_cta h2=&#8221;T\u00e9l\u00e9chargez la brochure&#8221; txt_align=&#8221;center&#8221; add_button=&#8221;bottom&#8221; btn_title=&#8221;T\u00e9l\u00e9charger&#8221; btn_align=&#8221;center&#8221; add_icon=&#8221;top&#8221; i_icon_fontawesome=&#8221;fas fa-cloud-download-alt&#8221; btn_link=&#8221;url:http%3A%2F%2Felexpert.ma%2Findex.php%2Fsolutions%2F|title:Solutions||&#8221;][\/vc_cta][\/vc_column][\/vc_row][vc_row][vc_column][vc_cta h2=&#8221;Alors, optez pour la tranquillit\u00e9 d\u2019esprit&#8221; h4=&#8221;Prenez le contr\u00f4le de l&#8217;\u00e9nergie au sein de votre entreprise. Commencez \u00e0 \u00e9conomiser de l&#8217;argent d\u00e8s aujourd&#8217;hui!&#8221; txt_align=&#8221;center&#8221; add_button=&#8221;bottom&#8221; btn_title=&#8221;Contactez notre Equipe&#8221; btn_align=&#8221;center&#8221; btn_link=&#8221;url:http%3A%2F%2Felexpert.ma%2Findex.php%2Fcontact-us%2F|title:Solutions||&#8221;]<\/p>\n<p class=\"Normal tm6\"><span class=\"tm7\">Contactez-nous d\u00e8s aujourd&#8217;hui pour savoir comment nous pouvons vous aider. Un membre de notre service d&#8217;ing\u00e9nierie vous contactera pour r\u00e9pondre \u00e0 vos questions ou organiser une analyse approfondie sur place<\/span><\/p>\n<p>[\/vc_cta][\/vc_column][\/vc_row]<\/p>\n<\/div>","protected":false},"excerpt":{"rendered":"<p>[vc_row full_width=&#8221;stretch_row&#8221; css=&#8221;.vc_custom_1592316444763{padding-top: 200px !important;padding-bottom: 100px !important;background-image: url(https:\/\/elexpert.ma\/wp-content\/uploads\/revslider\/client-meeting-scaled.jpg?id=10235) !important;background-position: center !important;background-repeat: no-repeat !important;background-size: cover !important;}&#8221;][vc_column width=&#8221;2\/3&#8243;][\/vc_column][vc_column width=&#8221;1\/3&#8243;][\/vc_column][\/vc_row][vc_row][vc_column][vc_column_text] Ce qui fait la diff\u00e9rence avec les autres acteurs du march\u00e9, c\u2019est notre engagement sur le r\u00e9sultat et dans la dur\u00e9e. Pour nous, il n\u2019y a pas de clients. Nous n\u2019avons que des partenaires. Si vous nous confiez votre projet d\u2019impl\u00e9mentation de la solution pr\u00e9conis\u00e9e par notre rapport, vous b\u00e9n\u00e9ficiez de\u00a0: Une garantie[&hellip;]<\/p>\n","protected":false},"author":1,"featured_media":0,"parent":0,"menu_order":0,"comment_status":"closed","ping_status":"closed","template":"","meta":{"_acf_changed":false,"_monsterinsights_skip_tracking":false,"_monsterinsights_sitenote_active":false,"_monsterinsights_sitenote_note":"","_monsterinsights_sitenote_category":0,"footnotes":""},"class_list":["post-11580","page","type-page","status-publish","hentry"],"acf":[],"yoast_head":"<!-- This site is optimized with the Yoast SEO plugin v24.8.1 - https:\/\/yoast.com\/wordpress\/plugins\/seo\/ -->\n<title>Double garantie - Elexpert<\/title>\n<meta name=\"robots\" content=\"index, follow, max-snippet:-1, max-image-preview:large, max-video-preview:-1\" \/>\n<link rel=\"canonical\" href=\"https:\/\/elexpert.ma\/index.php\/double-garantie\/\" \/>\n<meta property=\"og:locale\" content=\"fr_FR\" \/>\n<meta property=\"og:type\" content=\"article\" \/>\n<meta property=\"og:title\" content=\"Double garantie - Elexpert\" \/>\n<meta property=\"og:description\" content=\"[vc_row full_width=&#8221;stretch_row&#8221; css=&#8221;.vc_custom_1592316444763{padding-top: 200px !important;padding-bottom: 100px !important;background-image: url(https:\/\/elexpert.ma\/wp-content\/uploads\/revslider\/client-meeting-scaled.jpg?id=10235) !important;background-position: center !important;background-repeat: no-repeat !important;background-size: cover !important;}&#8221;][vc_column width=&#8221;2\/3&#8243;][\/vc_column][vc_column width=&#8221;1\/3&#8243;][\/vc_column][\/vc_row][vc_row][vc_column][vc_column_text] Ce qui fait la diff\u00e9rence avec les autres acteurs du march\u00e9, c\u2019est notre engagement sur le r\u00e9sultat et dans la dur\u00e9e. Pour nous, il n\u2019y a pas de clients. Nous n\u2019avons que des partenaires. Si vous nous confiez votre projet d\u2019impl\u00e9mentation de la solution pr\u00e9conis\u00e9e par notre rapport, vous b\u00e9n\u00e9ficiez de\u00a0: Une garantie[&hellip;]\" \/>\n<meta property=\"og:url\" content=\"https:\/\/elexpert.ma\/index.php\/double-garantie\/\" \/>\n<meta property=\"og:site_name\" content=\"Elexpert\" \/>\n<meta property=\"article:modified_time\" content=\"2021-03-31T11:51:31+00:00\" \/>\n<meta name=\"twitter:card\" content=\"summary_large_image\" \/>\n<meta name=\"twitter:label1\" content=\"Dur\u00e9e de lecture estim\u00e9e\" \/>\n\t<meta name=\"twitter:data1\" content=\"3 minutes\" \/>\n<script type=\"application\/ld+json\" class=\"yoast-schema-graph\">{\"@context\":\"https:\/\/schema.org\",\"@graph\":[{\"@type\":\"WebPage\",\"@id\":\"https:\/\/elexpert.ma\/index.php\/double-garantie\/\",\"url\":\"https:\/\/elexpert.ma\/index.php\/double-garantie\/\",\"name\":\"Double garantie - Elexpert\",\"isPartOf\":{\"@id\":\"https:\/\/elexpert.ma\/#website\"},\"datePublished\":\"2020-06-16T14:06:02+00:00\",\"dateModified\":\"2021-03-31T11:51:31+00:00\",\"breadcrumb\":{\"@id\":\"https:\/\/elexpert.ma\/index.php\/double-garantie\/#breadcrumb\"},\"inLanguage\":\"fr-FR\",\"potentialAction\":[{\"@type\":\"ReadAction\",\"target\":[\"https:\/\/elexpert.ma\/index.php\/double-garantie\/\"]}]},{\"@type\":\"BreadcrumbList\",\"@id\":\"https:\/\/elexpert.ma\/index.php\/double-garantie\/#breadcrumb\",\"itemListElement\":[{\"@type\":\"ListItem\",\"position\":1,\"name\":\"Accueil\",\"item\":\"https:\/\/elexpert.ma\/\"},{\"@type\":\"ListItem\",\"position\":2,\"name\":\"Double garantie\"}]},{\"@type\":\"WebSite\",\"@id\":\"https:\/\/elexpert.ma\/#website\",\"url\":\"https:\/\/elexpert.ma\/\",\"name\":\"Elexpert\",\"description\":\"Votre partenaire pour la maitrise de l&#039;\u00e9nergie \u00e9lectrique\",\"publisher\":{\"@id\":\"https:\/\/elexpert.ma\/#organization\"},\"potentialAction\":[{\"@type\":\"SearchAction\",\"target\":{\"@type\":\"EntryPoint\",\"urlTemplate\":\"https:\/\/elexpert.ma\/?s={search_term_string}\"},\"query-input\":{\"@type\":\"PropertyValueSpecification\",\"valueRequired\":true,\"valueName\":\"search_term_string\"}}],\"inLanguage\":\"fr-FR\"},{\"@type\":\"Organization\",\"@id\":\"https:\/\/elexpert.ma\/#organization\",\"name\":\"Elexpert\",\"url\":\"https:\/\/elexpert.ma\/\",\"logo\":{\"@type\":\"ImageObject\",\"inLanguage\":\"fr-FR\",\"@id\":\"https:\/\/elexpert.ma\/#\/schema\/logo\/image\/\",\"url\":\"https:\/\/elexpert.ma\/wp-content\/uploads\/2020\/05\/logo-elexpert.jpg\",\"contentUrl\":\"https:\/\/elexpert.ma\/wp-content\/uploads\/2020\/05\/logo-elexpert.jpg\",\"width\":320,\"height\":94,\"caption\":\"Elexpert\"},\"image\":{\"@id\":\"https:\/\/elexpert.ma\/#\/schema\/logo\/image\/\"}}]}<\/script>\n<!-- \/ Yoast SEO plugin. -->","yoast_head_json":{"title":"Double garantie - Elexpert","robots":{"index":"index","follow":"follow","max-snippet":"max-snippet:-1","max-image-preview":"max-image-preview:large","max-video-preview":"max-video-preview:-1"},"canonical":"https:\/\/elexpert.ma\/index.php\/double-garantie\/","og_locale":"fr_FR","og_type":"article","og_title":"Double garantie - Elexpert","og_description":"[vc_row full_width=&#8221;stretch_row&#8221; css=&#8221;.vc_custom_1592316444763{padding-top: 200px !important;padding-bottom: 100px !important;background-image: url(https:\/\/elexpert.ma\/wp-content\/uploads\/revslider\/client-meeting-scaled.jpg?id=10235) !important;background-position: center !important;background-repeat: no-repeat !important;background-size: cover !important;}&#8221;][vc_column width=&#8221;2\/3&#8243;][\/vc_column][vc_column width=&#8221;1\/3&#8243;][\/vc_column][\/vc_row][vc_row][vc_column][vc_column_text] Ce qui fait la diff\u00e9rence avec les autres acteurs du march\u00e9, c\u2019est notre engagement sur le r\u00e9sultat et dans la dur\u00e9e. Pour nous, il n\u2019y a pas de clients. Nous n\u2019avons que des partenaires. Si vous nous confiez votre projet d\u2019impl\u00e9mentation de la solution pr\u00e9conis\u00e9e par notre rapport, vous b\u00e9n\u00e9ficiez de\u00a0: Une garantie[&hellip;]","og_url":"https:\/\/elexpert.ma\/index.php\/double-garantie\/","og_site_name":"Elexpert","article_modified_time":"2021-03-31T11:51:31+00:00","twitter_card":"summary_large_image","twitter_misc":{"Dur\u00e9e de lecture estim\u00e9e":"3 minutes"},"schema":{"@context":"https:\/\/schema.org","@graph":[{"@type":"WebPage","@id":"https:\/\/elexpert.ma\/index.php\/double-garantie\/","url":"https:\/\/elexpert.ma\/index.php\/double-garantie\/","name":"Double garantie - Elexpert","isPartOf":{"@id":"https:\/\/elexpert.ma\/#website"},"datePublished":"2020-06-16T14:06:02+00:00","dateModified":"2021-03-31T11:51:31+00:00","breadcrumb":{"@id":"https:\/\/elexpert.ma\/index.php\/double-garantie\/#breadcrumb"},"inLanguage":"fr-FR","potentialAction":[{"@type":"ReadAction","target":["https:\/\/elexpert.ma\/index.php\/double-garantie\/"]}]},{"@type":"BreadcrumbList","@id":"https:\/\/elexpert.ma\/index.php\/double-garantie\/#breadcrumb","itemListElement":[{"@type":"ListItem","position":1,"name":"Accueil","item":"https:\/\/elexpert.ma\/"},{"@type":"ListItem","position":2,"name":"Double garantie"}]},{"@type":"WebSite","@id":"https:\/\/elexpert.ma\/#website","url":"https:\/\/elexpert.ma\/","name":"Elexpert","description":"Votre partenaire pour la maitrise de l&#039;\u00e9nergie \u00e9lectrique","publisher":{"@id":"https:\/\/elexpert.ma\/#organization"},"potentialAction":[{"@type":"SearchAction","target":{"@type":"EntryPoint","urlTemplate":"https:\/\/elexpert.ma\/?s={search_term_string}"},"query-input":{"@type":"PropertyValueSpecification","valueRequired":true,"valueName":"search_term_string"}}],"inLanguage":"fr-FR"},{"@type":"Organization","@id":"https:\/\/elexpert.ma\/#organization","name":"Elexpert","url":"https:\/\/elexpert.ma\/","logo":{"@type":"ImageObject","inLanguage":"fr-FR","@id":"https:\/\/elexpert.ma\/#\/schema\/logo\/image\/","url":"https:\/\/elexpert.ma\/wp-content\/uploads\/2020\/05\/logo-elexpert.jpg","contentUrl":"https:\/\/elexpert.ma\/wp-content\/uploads\/2020\/05\/logo-elexpert.jpg","width":320,"height":94,"caption":"Elexpert"},"image":{"@id":"https:\/\/elexpert.ma\/#\/schema\/logo\/image\/"}}]}},"_links":{"self":[{"href":"https:\/\/elexpert.ma\/index.php\/wp-json\/wp\/v2\/pages\/11580","targetHints":{"allow":["GET"]}}],"collection":[{"href":"https:\/\/elexpert.ma\/index.php\/wp-json\/wp\/v2\/pages"}],"about":[{"href":"https:\/\/elexpert.ma\/index.php\/wp-json\/wp\/v2\/types\/page"}],"author":[{"embeddable":true,"href":"https:\/\/elexpert.ma\/index.php\/wp-json\/wp\/v2\/users\/1"}],"replies":[{"embeddable":true,"href":"https:\/\/elexpert.ma\/index.php\/wp-json\/wp\/v2\/comments?post=11580"}],"version-history":[{"count":6,"href":"https:\/\/elexpert.ma\/index.php\/wp-json\/wp\/v2\/pages\/11580\/revisions"}],"predecessor-version":[{"id":12189,"href":"https:\/\/elexpert.ma\/index.php\/wp-json\/wp\/v2\/pages\/11580\/revisions\/12189"}],"wp:attachment":[{"href":"https:\/\/elexpert.ma\/index.php\/wp-json\/wp\/v2\/media?parent=11580"}],"curies":[{"name":"wp","href":"https:\/\/api.w.org\/{rel}","templated":true}]}}