{"id":13754,"date":"2021-09-15T18:18:10","date_gmt":"2021-09-15T18:18:10","guid":{"rendered":"https:\/\/elexpert.ma\/index.php\/catalog-request\/"},"modified":"2023-03-08T20:06:25","modified_gmt":"2023-03-08T20:06:25","slug":"catalog-request","status":"publish","type":"page","link":"https:\/\/elexpert.ma\/index.php\/catalog-request\/?lang=en","title":{"rendered":"Catalog request"},"content":{"rendered":"<div class=\"wpb-content-wrapper\"><p>[vc_row cspt-bg-image-position=&#8221;right-top&#8221; equal_height=&#8221;yes&#8221; css=&#8221;.vc_custom_1631730927367{margin-top: 0px !important;}&#8221;][vc_column cspt-bg-image-position=&#8221;right-top&#8221; width=&#8221;1\/2&#8243; css=&#8221;.vc_custom_1631731126408{background-image: url(https:\/\/elexpert.ma\/wp-content\/uploads\/2021\/09\/catalogue-scaled.jpg?id=12776) !important;background-position: center !important;background-repeat: no-repeat !important;background-size: contain !important;}&#8221; offset=&#8221;vc_hidden-xs&#8221;][\/vc_column][vc_column width=&#8221;1\/2&#8243;]\n<div class=\"wpcf7 no-js\" id=\"wpcf7-f12772-o1\" lang=\"fr-FR\" dir=\"ltr\" data-wpcf7-id=\"12772\">\n<div class=\"screen-reader-response\"><p role=\"status\" aria-live=\"polite\" aria-atomic=\"true\"><\/p> <ul><\/ul><\/div>\n<form action=\"\/index.php\/wp-json\/wp\/v2\/pages\/13754#wpcf7-f12772-o1\" method=\"post\" class=\"wpcf7-form init\" aria-label=\"Formulaire de contact\" novalidate=\"novalidate\" data-status=\"init\">\n<div style=\"display: none;\">\n<input type=\"hidden\" name=\"_wpcf7\" value=\"12772\" \/>\n<input type=\"hidden\" name=\"_wpcf7_version\" value=\"6.0.6\" \/>\n<input type=\"hidden\" name=\"_wpcf7_locale\" value=\"fr_FR\" \/>\n<input type=\"hidden\" name=\"_wpcf7_unit_tag\" value=\"wpcf7-f12772-o1\" \/>\n<input type=\"hidden\" name=\"_wpcf7_container_post\" value=\"0\" \/>\n<input type=\"hidden\" name=\"_wpcf7_posted_data_hash\" value=\"\" \/>\n<input type=\"hidden\" name=\"_wpcf7_recaptcha_response\" value=\"\" \/>\n<\/div>\n<p><label> Nom & Pr\u00e9nom <span style=\"color:red\">*<\/span><br \/>\n<span class=\"wpcf7-form-control-wrap\" data-name=\"fullname\"><input size=\"40\" maxlength=\"400\" class=\"wpcf7-form-control wpcf7-text wpcf7-validates-as-required\" aria-required=\"true\" aria-invalid=\"false\" value=\"\" type=\"text\" name=\"fullname\" \/><\/span> <\/label>\n<\/p>\n<p><label> Soci\u00e9t\u00e9 <span style=\"color:red\">*<\/span><br \/>\n<span class=\"wpcf7-form-control-wrap\" data-name=\"company\"><input size=\"40\" maxlength=\"400\" class=\"wpcf7-form-control wpcf7-text wpcf7-validates-as-required\" aria-required=\"true\" aria-invalid=\"false\" value=\"\" type=\"text\" name=\"company\" \/><\/span> <\/label>\n<\/p>\n<p><label> N\u00b0 t\u00e9l\u00e9phone <span style=\"color:red\">*<\/span><br \/>\n<span class=\"wpcf7-form-control-wrap\" data-name=\"phone\"><input size=\"40\" maxlength=\"400\" class=\"wpcf7-form-control wpcf7-tel wpcf7-validates-as-required wpcf7-text wpcf7-validates-as-tel\" aria-required=\"true\" aria-invalid=\"false\" value=\"\" type=\"tel\" name=\"phone\" \/><\/span> <\/label>\n<\/p>\n<p><label> E-mail professionnel <span style=\"color:red\">*<\/span><br \/>\n<span class=\"wpcf7-form-control-wrap\" data-name=\"email-pro\"><input size=\"40\" maxlength=\"400\" class=\"wpcf7-form-control wpcf7-email wpcf7-validates-as-required wpcf7-text wpcf7-validates-as-email\" aria-required=\"true\" aria-invalid=\"false\" value=\"\" type=\"email\" name=\"email-pro\" \/><\/span> <\/label>\n<\/p>\n<p><label> E-mail personnel<br \/>\n<span class=\"wpcf7-form-control-wrap\" data-name=\"email-perso\"><input size=\"40\" maxlength=\"400\" class=\"wpcf7-form-control wpcf7-email wpcf7-text wpcf7-validates-as-email\" aria-invalid=\"false\" value=\"\" type=\"email\" name=\"email-perso\" \/><\/span> <\/label>\n<\/p>\n<p><span class=\"wpcf7-form-control-wrap\" data-name=\"acceptance-624\"><span class=\"wpcf7-form-control wpcf7-acceptance\"><span class=\"wpcf7-list-item\"><label><input type=\"checkbox\" name=\"acceptance-624\" value=\"1\" aria-invalid=\"false\" \/><span class=\"wpcf7-list-item-label\">J\u2019ai lu et j\u2019accepte les \n <a href=\"https:\/\/elexpert.ma\/index.php\/conditions-generales-dutilisation\" >conditions g\u00e9n\u00e9rales d\u2019utilisation <\/a>\n , notamment la mention relative \u00e0 la protection des donn\u00e9es personnelles<\/span><\/label><\/span><\/span><\/span><br \/>\n<input class=\"wpcf7-form-control wpcf7-submit has-spinner\" type=\"submit\" value=\"T\u00e9l\u00e9charger\" \/>\n<\/p>\n<p><br \/>\n<span style=\"color:red\">*<\/span>: Champs obligatoire\n<\/p>\n<div>\n\t<p><small><br \/>\nConform\u00e9ment \u00e0 la loi 09-08, vous disposez d\u2019un droit d\u2019acc\u00e8s, de rectification et d\u2019opposition au traitement de vos donn\u00e9es personnelles.<br \/>\nCe traitement a \u00e9t\u00e9 d\u00e9clar\u00e9 \u00e0 la CNDP sous le n\u00b0 -\u2026\u2026\u2026.<br \/>\n<\/small>\n\t<\/p>\n<\/div><div class=\"wpcf7-response-output\" aria-hidden=\"true\"><\/div>\n<\/form>\n<\/div>\n[\/vc_column][\/vc_row]<\/p>\n<\/div>","protected":false},"excerpt":{"rendered":"<p>[vc_row cspt-bg-image-position=&#8221;right-top&#8221; equal_height=&#8221;yes&#8221; css=&#8221;.vc_custom_1631730927367{margin-top: 0px !important;}&#8221;][vc_column cspt-bg-image-position=&#8221;right-top&#8221; width=&#8221;1\/2&#8243; css=&#8221;.vc_custom_1631731126408{background-image: url(https:\/\/elexpert.ma\/wp-content\/uploads\/2021\/09\/catalogue-scaled.jpg?id=12776) !important;background-position: center !important;background-repeat: no-repeat !important;background-size: contain !important;}&#8221; offset=&#8221;vc_hidden-xs&#8221;][\/vc_column][vc_column width=&#8221;1\/2&#8243;][\/vc_column][\/vc_row]<\/p>\n","protected":false},"author":1,"featured_media":0,"parent":0,"menu_order":0,"comment_status":"closed","ping_status":"closed","template":"","meta":{"_acf_changed":false,"_monsterinsights_skip_tracking":false,"_monsterinsights_sitenote_active":false,"_monsterinsights_sitenote_note":"","_monsterinsights_sitenote_category":0,"footnotes":""},"class_list":["post-13754","page","type-page","status-publish","hentry"],"acf":[],"yoast_head":"<!-- This site is optimized with the Yoast SEO plugin v24.8.1 - https:\/\/yoast.com\/wordpress\/plugins\/seo\/ -->\n<title>Catalog request - Elexpert<\/title>\n<meta name=\"robots\" content=\"index, follow, max-snippet:-1, max-image-preview:large, max-video-preview:-1\" \/>\n<link rel=\"canonical\" href=\"https:\/\/elexpert.ma\/index.php\/catalog-request\/\" \/>\n<meta property=\"og:locale\" content=\"fr_FR\" \/>\n<meta property=\"og:type\" content=\"article\" \/>\n<meta property=\"og:title\" content=\"Catalog request - Elexpert\" \/>\n<meta property=\"og:description\" content=\"[vc_row cspt-bg-image-position=&#8221;right-top&#8221; equal_height=&#8221;yes&#8221; css=&#8221;.vc_custom_1631730927367{margin-top: 0px !important;}&#8221;][vc_column cspt-bg-image-position=&#8221;right-top&#8221; width=&#8221;1\/2&#8243; css=&#8221;.vc_custom_1631731126408{background-image: url(https:\/\/elexpert.ma\/wp-content\/uploads\/2021\/09\/catalogue-scaled.jpg?id=12776) !important;background-position: center !important;background-repeat: no-repeat !important;background-size: contain !important;}&#8221; offset=&#8221;vc_hidden-xs&#8221;][\/vc_column][vc_column width=&#8221;1\/2&#8243;][\/vc_column][\/vc_row]\" \/>\n<meta property=\"og:url\" content=\"https:\/\/elexpert.ma\/index.php\/catalog-request\/?lang=en\" \/>\n<meta property=\"og:site_name\" content=\"Elexpert\" \/>\n<meta property=\"article:modified_time\" content=\"2023-03-08T20:06:25+00:00\" \/>\n<meta name=\"twitter:card\" content=\"summary_large_image\" \/>\n<script type=\"application\/ld+json\" class=\"yoast-schema-graph\">{\"@context\":\"https:\/\/schema.org\",\"@graph\":[{\"@type\":\"WebPage\",\"@id\":\"https:\/\/elexpert.ma\/index.php\/catalog-request\/?lang=en\",\"url\":\"https:\/\/elexpert.ma\/index.php\/catalog-request\/?lang=en\",\"name\":\"Catalog request - Elexpert\",\"isPartOf\":{\"@id\":\"https:\/\/elexpert.ma\/#website\"},\"datePublished\":\"2021-09-15T18:18:10+00:00\",\"dateModified\":\"2023-03-08T20:06:25+00:00\",\"breadcrumb\":{\"@id\":\"https:\/\/elexpert.ma\/index.php\/catalog-request\/?lang=en#breadcrumb\"},\"inLanguage\":\"fr-FR\",\"potentialAction\":[{\"@type\":\"ReadAction\",\"target\":[\"https:\/\/elexpert.ma\/index.php\/catalog-request\/?lang=en\"]}]},{\"@type\":\"BreadcrumbList\",\"@id\":\"https:\/\/elexpert.ma\/index.php\/catalog-request\/?lang=en#breadcrumb\",\"itemListElement\":[{\"@type\":\"ListItem\",\"position\":1,\"name\":\"Accueil\",\"item\":\"https:\/\/elexpert.ma\/\"},{\"@type\":\"ListItem\",\"position\":2,\"name\":\"Catalog request\"}]},{\"@type\":\"WebSite\",\"@id\":\"https:\/\/elexpert.ma\/#website\",\"url\":\"https:\/\/elexpert.ma\/\",\"name\":\"Elexpert\",\"description\":\"Votre partenaire pour la maitrise de l&#039;\u00e9nergie \u00e9lectrique\",\"publisher\":{\"@id\":\"https:\/\/elexpert.ma\/#organization\"},\"potentialAction\":[{\"@type\":\"SearchAction\",\"target\":{\"@type\":\"EntryPoint\",\"urlTemplate\":\"https:\/\/elexpert.ma\/?s={search_term_string}\"},\"query-input\":{\"@type\":\"PropertyValueSpecification\",\"valueRequired\":true,\"valueName\":\"search_term_string\"}}],\"inLanguage\":\"fr-FR\"},{\"@type\":\"Organization\",\"@id\":\"https:\/\/elexpert.ma\/#organization\",\"name\":\"Elexpert\",\"url\":\"https:\/\/elexpert.ma\/\",\"logo\":{\"@type\":\"ImageObject\",\"inLanguage\":\"fr-FR\",\"@id\":\"https:\/\/elexpert.ma\/#\/schema\/logo\/image\/\",\"url\":\"https:\/\/elexpert.ma\/wp-content\/uploads\/2020\/05\/logo-elexpert.jpg\",\"contentUrl\":\"https:\/\/elexpert.ma\/wp-content\/uploads\/2020\/05\/logo-elexpert.jpg\",\"width\":320,\"height\":94,\"caption\":\"Elexpert\"},\"image\":{\"@id\":\"https:\/\/elexpert.ma\/#\/schema\/logo\/image\/\"}}]}<\/script>\n<!-- \/ Yoast SEO plugin. -->","yoast_head_json":{"title":"Catalog request - Elexpert","robots":{"index":"index","follow":"follow","max-snippet":"max-snippet:-1","max-image-preview":"max-image-preview:large","max-video-preview":"max-video-preview:-1"},"canonical":"https:\/\/elexpert.ma\/index.php\/catalog-request\/","og_locale":"fr_FR","og_type":"article","og_title":"Catalog request - Elexpert","og_description":"[vc_row cspt-bg-image-position=&#8221;right-top&#8221; equal_height=&#8221;yes&#8221; css=&#8221;.vc_custom_1631730927367{margin-top: 0px !important;}&#8221;][vc_column cspt-bg-image-position=&#8221;right-top&#8221; width=&#8221;1\/2&#8243; css=&#8221;.vc_custom_1631731126408{background-image: url(https:\/\/elexpert.ma\/wp-content\/uploads\/2021\/09\/catalogue-scaled.jpg?id=12776) !important;background-position: center !important;background-repeat: no-repeat !important;background-size: contain !important;}&#8221; offset=&#8221;vc_hidden-xs&#8221;][\/vc_column][vc_column width=&#8221;1\/2&#8243;][\/vc_column][\/vc_row]","og_url":"https:\/\/elexpert.ma\/index.php\/catalog-request\/?lang=en","og_site_name":"Elexpert","article_modified_time":"2023-03-08T20:06:25+00:00","twitter_card":"summary_large_image","schema":{"@context":"https:\/\/schema.org","@graph":[{"@type":"WebPage","@id":"https:\/\/elexpert.ma\/index.php\/catalog-request\/?lang=en","url":"https:\/\/elexpert.ma\/index.php\/catalog-request\/?lang=en","name":"Catalog request - Elexpert","isPartOf":{"@id":"https:\/\/elexpert.ma\/#website"},"datePublished":"2021-09-15T18:18:10+00:00","dateModified":"2023-03-08T20:06:25+00:00","breadcrumb":{"@id":"https:\/\/elexpert.ma\/index.php\/catalog-request\/?lang=en#breadcrumb"},"inLanguage":"fr-FR","potentialAction":[{"@type":"ReadAction","target":["https:\/\/elexpert.ma\/index.php\/catalog-request\/?lang=en"]}]},{"@type":"BreadcrumbList","@id":"https:\/\/elexpert.ma\/index.php\/catalog-request\/?lang=en#breadcrumb","itemListElement":[{"@type":"ListItem","position":1,"name":"Accueil","item":"https:\/\/elexpert.ma\/"},{"@type":"ListItem","position":2,"name":"Catalog request"}]},{"@type":"WebSite","@id":"https:\/\/elexpert.ma\/#website","url":"https:\/\/elexpert.ma\/","name":"Elexpert","description":"Votre partenaire pour la maitrise de l&#039;\u00e9nergie \u00e9lectrique","publisher":{"@id":"https:\/\/elexpert.ma\/#organization"},"potentialAction":[{"@type":"SearchAction","target":{"@type":"EntryPoint","urlTemplate":"https:\/\/elexpert.ma\/?s={search_term_string}"},"query-input":{"@type":"PropertyValueSpecification","valueRequired":true,"valueName":"search_term_string"}}],"inLanguage":"fr-FR"},{"@type":"Organization","@id":"https:\/\/elexpert.ma\/#organization","name":"Elexpert","url":"https:\/\/elexpert.ma\/","logo":{"@type":"ImageObject","inLanguage":"fr-FR","@id":"https:\/\/elexpert.ma\/#\/schema\/logo\/image\/","url":"https:\/\/elexpert.ma\/wp-content\/uploads\/2020\/05\/logo-elexpert.jpg","contentUrl":"https:\/\/elexpert.ma\/wp-content\/uploads\/2020\/05\/logo-elexpert.jpg","width":320,"height":94,"caption":"Elexpert"},"image":{"@id":"https:\/\/elexpert.ma\/#\/schema\/logo\/image\/"}}]}},"_links":{"self":[{"href":"https:\/\/elexpert.ma\/index.php\/wp-json\/wp\/v2\/pages\/13754","targetHints":{"allow":["GET"]}}],"collection":[{"href":"https:\/\/elexpert.ma\/index.php\/wp-json\/wp\/v2\/pages"}],"about":[{"href":"https:\/\/elexpert.ma\/index.php\/wp-json\/wp\/v2\/types\/page"}],"author":[{"embeddable":true,"href":"https:\/\/elexpert.ma\/index.php\/wp-json\/wp\/v2\/users\/1"}],"replies":[{"embeddable":true,"href":"https:\/\/elexpert.ma\/index.php\/wp-json\/wp\/v2\/comments?post=13754"}],"version-history":[{"count":2,"href":"https:\/\/elexpert.ma\/index.php\/wp-json\/wp\/v2\/pages\/13754\/revisions"}],"predecessor-version":[{"id":14071,"href":"https:\/\/elexpert.ma\/index.php\/wp-json\/wp\/v2\/pages\/13754\/revisions\/14071"}],"wp:attachment":[{"href":"https:\/\/elexpert.ma\/index.php\/wp-json\/wp\/v2\/media?parent=13754"}],"curies":[{"name":"wp","href":"https:\/\/api.w.org\/{rel}","templated":true}]}}