{"id":14202,"date":"2025-04-11T10:43:52","date_gmt":"2025-04-11T10:43:52","guid":{"rendered":"https:\/\/elexpert.ma\/index.php\/declaration-de-confidentialite\/"},"modified":"2025-04-14T17:13:08","modified_gmt":"2025-04-14T17:13:08","slug":"declaration-de-confidentialite","status":"publish","type":"page","link":"https:\/\/elexpert.ma\/index.php\/declaration-de-confidentialite\/","title":{"rendered":"D\u00e9claration de confidentialit\u00e9"},"content":{"rendered":"<h1 style=\"text-align: center;\">D\u00e9claration de confidentialit\u00e9<\/h1>\n<p>Dans cette d\u00e9claration de confidentialit\u00e9, nous expliquons ce que nous faisons avec les donn\u00e9es que nous obtenons \u00e0 votre sujet via\u00a0<a href=\"https:\/\/elexpert.ma\/\">https:\/\/elexpert.ma<\/a>. Nous vous recommandons de lire attentivement cette d\u00e9claration. Lors de notre traitement, nous nous conformons aux exigences de la l\u00e9gislation sur la confidentialit\u00e9.<\/p>\n<p>Si vous avez des questions ou souhaitez savoir exactement quelles donn\u00e9es nous conservons, veuillez nous contacter.<\/p>\n<h2>Responsabilit\u00e9<\/h2>\n<p><strong>Elexpert<\/strong> \u00a0est l\u2019entit\u00e9 responsable du traitement des donn\u00e9es personnelles. Vos donn\u00e9es personnelles restent strictement confidentielles et prot\u00e9g\u00e9es.<\/p>\n<p>Les donn\u00e9es \u00e0 caract\u00e8re personnel collect\u00e9es sur le site, \u00e0 l\u2019aide des formulaires disponibles, font l\u2019objet d\u2019un traitement destin\u00e9 \u00e0 la gestion de la relation clients et partenaires et \u00e0 la gestion des op\u00e9rations de prospection.<\/p>\n<p>Nous avons mis en place des syst\u00e8mes et des proc\u00e9dures professionnels ad\u00e9quats. De plus, nous utilisons des restrictions techniques et physiques pour limiter l\u2019acc\u00e8s \u00e0 vos donn\u00e9es personnelles et leurs utilisations. Seul le personnel habilit\u00e9 est autoris\u00e9 \u00e0 acc\u00e9der \u00e0 vos informations personnelles pour exercer ses fonctions dans le cadre de nos services.<\/p>\n<ul>\n<li>Le traitement \u00ab Gestion des demandes de contact\u00bb a \u00e9t\u00e9 d\u00e9clar\u00e9 \u00e0 la CNDP sous<strong> le n\u00b0\u2026\u2026\u2026\u2026<\/strong><\/li>\n<\/ul>\n<p>Conform\u00e9ment \u00e0 la loi n\u00b0 09-08 promulgu\u00e9e par le Dahir 1-09-15 du 18 f\u00e9vrier 2009, relative \u00e0 la protection des personnes physiques \u00e0 l&#8217;\u00e9gard du traitement des donn\u00e9es \u00e0 caract\u00e8re personnel, vous b\u00e9n\u00e9ficiez d\u2019un droit d\u2019acc\u00e8s et de rectification aux informations qui vous concernent, que vous pouvez exercer en vous adressant \u00e0 : <strong>Direction Commerciale \u00a0via email\u00a0: a.lachguer@elexpert.ma<\/strong> .<\/p>\n<p>Vous pouvez \u00e9galement, pour des motifs l\u00e9gitimes, vous opposer \u00e0 ce que les donn\u00e9es qui vous concernent fassent l\u2019objet d\u2019un traitement.<\/p>\n<p>&nbsp;<\/p>\n<h2>Cookies<\/h2>\n<p style=\"font-weight: 400;\">L\u2019utilisateur est inform\u00e9 que lors de ses visites sur le site un cookie peut s\u2019installer automatiquement sur son navigateur.<\/p>\n<p style=\"font-weight: 400;\">Le cookie est un fichier de texte que le site conserve sur le Disque dur de l\u2019ordinateur de l\u2019Utilisateur, afin de stocker des informations relatives au comportement de navigation de l\u2019utilisateur du site.<\/p>\n<p style=\"font-weight: 400;\">Elexpert recueille ces informations en vue de savoir comment l\u2019utilisateur utilise le site et ainsi d\u2019am\u00e9liorer l\u2019utilisation de celui-ci.<\/p>\n<p style=\"font-weight: 400;\">L\u2019utilisateur peut refuser l\u2019installation des cookies en configurant son navigateur. Cependant le refus de l\u2019installation des cookies pourrait affecter la navigation du Site.<\/p>\n<h2>S\u00e9curit\u00e9<\/h2>\n<p>Nous nous engageons \u00e0 la s\u00e9curit\u00e9 des donn\u00e9es personnelles. Nous prenons les mesures de s\u00e9curit\u00e9 appropri\u00e9es pour limiter les abus et l\u2019acc\u00e8s non autoris\u00e9 aux donn\u00e9es personnelles. Cela garantit que seules les personnes n\u00e9cessaires ont acc\u00e8s \u00e0 vos donn\u00e9es, que l\u2019acc\u00e8s aux donn\u00e9es est prot\u00e9g\u00e9 et que nos mesures de s\u00e9curit\u00e9 sont r\u00e9guli\u00e8rement revues.<\/p>\n<h2>Modifications apport\u00e9es \u00e0 cette d\u00e9claration de confidentialit\u00e9<\/h2>\n<p>Nous nous r\u00e9servons le droit de modifier la pr\u00e9sente d\u00e9claration de confidentialit\u00e9. Il est recommand\u00e9 de consulter r\u00e9guli\u00e8rement cette d\u00e9claration de confidentialit\u00e9 afin de prendre connaissance de toute modification \u00e9ventuelle. De plus, nous vous informerons activement dans la mesure du possible.<\/p>\n<h2>Coordonn\u00e9es<\/h2>\n<p>Elexpert sarl<br \/>\nN\u00b014 &#8211; Parc d&#8217;activit\u00e9s Oukacha 1- Bd My Slimane &#8211; Roches Noires &#8211; Casablanca<br \/>\nMaroc<br \/>\nSite web\u00a0:\u00a0<a href=\"https:\/\/elexpert.ma\/\">https:\/\/elexpert.ma<\/a><br \/>\nE-mail\u00a0:\u00a0<span class=\"cmplz-obfuscate\">client@elexpert.ma<\/span><br \/>\nNum\u00e9ro de t\u00e9l\u00e9phone\u00a0: +212 522 45 15 00<\/p>\n","protected":false},"excerpt":{"rendered":"<p>D\u00e9claration de confidentialit\u00e9 Dans cette d\u00e9claration de confidentialit\u00e9, nous expliquons ce que nous faisons avec les donn\u00e9es que nous obtenons \u00e0 votre sujet via\u00a0https:\/\/elexpert.ma. Nous vous recommandons de lire attentivement cette d\u00e9claration. Lors de notre traitement, nous nous conformons aux exigences de la l\u00e9gislation sur la confidentialit\u00e9. Si vous avez des questions ou souhaitez savoir exactement quelles donn\u00e9es nous conservons, veuillez nous contacter. Responsabilit\u00e9 Elexpert \u00a0est l\u2019entit\u00e9 responsable du traitement[&hellip;]<\/p>\n","protected":false},"author":1,"featured_media":0,"parent":0,"menu_order":0,"comment_status":"closed","ping_status":"closed","template":"","meta":{"_acf_changed":false,"_monsterinsights_skip_tracking":false,"_monsterinsights_sitenote_active":false,"_monsterinsights_sitenote_note":"","_monsterinsights_sitenote_category":0,"footnotes":""},"class_list":["post-14202","page","type-page","status-publish","hentry"],"acf":[],"yoast_head":"<!-- This site is optimized with the Yoast SEO plugin v24.8.1 - https:\/\/yoast.com\/wordpress\/plugins\/seo\/ -->\n<title>D\u00e9claration de confidentialit\u00e9 - Elexpert<\/title>\n<meta name=\"robots\" content=\"index, follow, max-snippet:-1, max-image-preview:large, max-video-preview:-1\" \/>\n<link rel=\"canonical\" href=\"https:\/\/elexpert.ma\/index.php\/declaration-de-confidentialite\/\" \/>\n<meta property=\"og:locale\" content=\"fr_FR\" \/>\n<meta property=\"og:type\" content=\"article\" \/>\n<meta property=\"og:title\" content=\"D\u00e9claration de confidentialit\u00e9 - Elexpert\" \/>\n<meta property=\"og:description\" content=\"D\u00e9claration de confidentialit\u00e9 Dans cette d\u00e9claration de confidentialit\u00e9, nous expliquons ce que nous faisons avec les donn\u00e9es que nous obtenons \u00e0 votre sujet via\u00a0https:\/\/elexpert.ma. Nous vous recommandons de lire attentivement cette d\u00e9claration. Lors de notre traitement, nous nous conformons aux exigences de la l\u00e9gislation sur la confidentialit\u00e9. Si vous avez des questions ou souhaitez savoir exactement quelles donn\u00e9es nous conservons, veuillez nous contacter. Responsabilit\u00e9 Elexpert \u00a0est l\u2019entit\u00e9 responsable du traitement[&hellip;]\" \/>\n<meta property=\"og:url\" content=\"https:\/\/elexpert.ma\/index.php\/declaration-de-confidentialite\/\" \/>\n<meta property=\"og:site_name\" content=\"Elexpert\" \/>\n<meta property=\"article:modified_time\" content=\"2025-04-14T17:13:08+00:00\" \/>\n<meta name=\"twitter:card\" content=\"summary_large_image\" \/>\n<meta name=\"twitter:label1\" content=\"Dur\u00e9e de lecture estim\u00e9e\" \/>\n\t<meta name=\"twitter:data1\" content=\"3 minutes\" \/>\n<script type=\"application\/ld+json\" class=\"yoast-schema-graph\">{\"@context\":\"https:\/\/schema.org\",\"@graph\":[{\"@type\":\"WebPage\",\"@id\":\"https:\/\/elexpert.ma\/index.php\/declaration-de-confidentialite\/\",\"url\":\"https:\/\/elexpert.ma\/index.php\/declaration-de-confidentialite\/\",\"name\":\"D\u00e9claration de confidentialit\u00e9 - Elexpert\",\"isPartOf\":{\"@id\":\"https:\/\/elexpert.ma\/#website\"},\"datePublished\":\"2025-04-11T10:43:52+00:00\",\"dateModified\":\"2025-04-14T17:13:08+00:00\",\"breadcrumb\":{\"@id\":\"https:\/\/elexpert.ma\/index.php\/declaration-de-confidentialite\/#breadcrumb\"},\"inLanguage\":\"fr-FR\",\"potentialAction\":[{\"@type\":\"ReadAction\",\"target\":[\"https:\/\/elexpert.ma\/index.php\/declaration-de-confidentialite\/\"]}]},{\"@type\":\"BreadcrumbList\",\"@id\":\"https:\/\/elexpert.ma\/index.php\/declaration-de-confidentialite\/#breadcrumb\",\"itemListElement\":[{\"@type\":\"ListItem\",\"position\":1,\"name\":\"Accueil\",\"item\":\"https:\/\/elexpert.ma\/\"},{\"@type\":\"ListItem\",\"position\":2,\"name\":\"D\u00e9claration de confidentialit\u00e9\"}]},{\"@type\":\"WebSite\",\"@id\":\"https:\/\/elexpert.ma\/#website\",\"url\":\"https:\/\/elexpert.ma\/\",\"name\":\"Elexpert\",\"description\":\"Votre partenaire pour la maitrise de l&#039;\u00e9nergie \u00e9lectrique\",\"publisher\":{\"@id\":\"https:\/\/elexpert.ma\/#organization\"},\"potentialAction\":[{\"@type\":\"SearchAction\",\"target\":{\"@type\":\"EntryPoint\",\"urlTemplate\":\"https:\/\/elexpert.ma\/?s={search_term_string}\"},\"query-input\":{\"@type\":\"PropertyValueSpecification\",\"valueRequired\":true,\"valueName\":\"search_term_string\"}}],\"inLanguage\":\"fr-FR\"},{\"@type\":\"Organization\",\"@id\":\"https:\/\/elexpert.ma\/#organization\",\"name\":\"Elexpert\",\"url\":\"https:\/\/elexpert.ma\/\",\"logo\":{\"@type\":\"ImageObject\",\"inLanguage\":\"fr-FR\",\"@id\":\"https:\/\/elexpert.ma\/#\/schema\/logo\/image\/\",\"url\":\"https:\/\/elexpert.ma\/wp-content\/uploads\/2020\/05\/logo-elexpert.jpg\",\"contentUrl\":\"https:\/\/elexpert.ma\/wp-content\/uploads\/2020\/05\/logo-elexpert.jpg\",\"width\":320,\"height\":94,\"caption\":\"Elexpert\"},\"image\":{\"@id\":\"https:\/\/elexpert.ma\/#\/schema\/logo\/image\/\"}}]}<\/script>\n<!-- \/ Yoast SEO plugin. -->","yoast_head_json":{"title":"D\u00e9claration de confidentialit\u00e9 - Elexpert","robots":{"index":"index","follow":"follow","max-snippet":"max-snippet:-1","max-image-preview":"max-image-preview:large","max-video-preview":"max-video-preview:-1"},"canonical":"https:\/\/elexpert.ma\/index.php\/declaration-de-confidentialite\/","og_locale":"fr_FR","og_type":"article","og_title":"D\u00e9claration de confidentialit\u00e9 - Elexpert","og_description":"D\u00e9claration de confidentialit\u00e9 Dans cette d\u00e9claration de confidentialit\u00e9, nous expliquons ce que nous faisons avec les donn\u00e9es que nous obtenons \u00e0 votre sujet via\u00a0https:\/\/elexpert.ma. Nous vous recommandons de lire attentivement cette d\u00e9claration. Lors de notre traitement, nous nous conformons aux exigences de la l\u00e9gislation sur la confidentialit\u00e9. Si vous avez des questions ou souhaitez savoir exactement quelles donn\u00e9es nous conservons, veuillez nous contacter. Responsabilit\u00e9 Elexpert \u00a0est l\u2019entit\u00e9 responsable du traitement[&hellip;]","og_url":"https:\/\/elexpert.ma\/index.php\/declaration-de-confidentialite\/","og_site_name":"Elexpert","article_modified_time":"2025-04-14T17:13:08+00:00","twitter_card":"summary_large_image","twitter_misc":{"Dur\u00e9e de lecture estim\u00e9e":"3 minutes"},"schema":{"@context":"https:\/\/schema.org","@graph":[{"@type":"WebPage","@id":"https:\/\/elexpert.ma\/index.php\/declaration-de-confidentialite\/","url":"https:\/\/elexpert.ma\/index.php\/declaration-de-confidentialite\/","name":"D\u00e9claration de confidentialit\u00e9 - Elexpert","isPartOf":{"@id":"https:\/\/elexpert.ma\/#website"},"datePublished":"2025-04-11T10:43:52+00:00","dateModified":"2025-04-14T17:13:08+00:00","breadcrumb":{"@id":"https:\/\/elexpert.ma\/index.php\/declaration-de-confidentialite\/#breadcrumb"},"inLanguage":"fr-FR","potentialAction":[{"@type":"ReadAction","target":["https:\/\/elexpert.ma\/index.php\/declaration-de-confidentialite\/"]}]},{"@type":"BreadcrumbList","@id":"https:\/\/elexpert.ma\/index.php\/declaration-de-confidentialite\/#breadcrumb","itemListElement":[{"@type":"ListItem","position":1,"name":"Accueil","item":"https:\/\/elexpert.ma\/"},{"@type":"ListItem","position":2,"name":"D\u00e9claration de confidentialit\u00e9"}]},{"@type":"WebSite","@id":"https:\/\/elexpert.ma\/#website","url":"https:\/\/elexpert.ma\/","name":"Elexpert","description":"Votre partenaire pour la maitrise de l&#039;\u00e9nergie \u00e9lectrique","publisher":{"@id":"https:\/\/elexpert.ma\/#organization"},"potentialAction":[{"@type":"SearchAction","target":{"@type":"EntryPoint","urlTemplate":"https:\/\/elexpert.ma\/?s={search_term_string}"},"query-input":{"@type":"PropertyValueSpecification","valueRequired":true,"valueName":"search_term_string"}}],"inLanguage":"fr-FR"},{"@type":"Organization","@id":"https:\/\/elexpert.ma\/#organization","name":"Elexpert","url":"https:\/\/elexpert.ma\/","logo":{"@type":"ImageObject","inLanguage":"fr-FR","@id":"https:\/\/elexpert.ma\/#\/schema\/logo\/image\/","url":"https:\/\/elexpert.ma\/wp-content\/uploads\/2020\/05\/logo-elexpert.jpg","contentUrl":"https:\/\/elexpert.ma\/wp-content\/uploads\/2020\/05\/logo-elexpert.jpg","width":320,"height":94,"caption":"Elexpert"},"image":{"@id":"https:\/\/elexpert.ma\/#\/schema\/logo\/image\/"}}]}},"_links":{"self":[{"href":"https:\/\/elexpert.ma\/index.php\/wp-json\/wp\/v2\/pages\/14202","targetHints":{"allow":["GET"]}}],"collection":[{"href":"https:\/\/elexpert.ma\/index.php\/wp-json\/wp\/v2\/pages"}],"about":[{"href":"https:\/\/elexpert.ma\/index.php\/wp-json\/wp\/v2\/types\/page"}],"author":[{"embeddable":true,"href":"https:\/\/elexpert.ma\/index.php\/wp-json\/wp\/v2\/users\/1"}],"replies":[{"embeddable":true,"href":"https:\/\/elexpert.ma\/index.php\/wp-json\/wp\/v2\/comments?post=14202"}],"version-history":[{"count":8,"href":"https:\/\/elexpert.ma\/index.php\/wp-json\/wp\/v2\/pages\/14202\/revisions"}],"predecessor-version":[{"id":14231,"href":"https:\/\/elexpert.ma\/index.php\/wp-json\/wp\/v2\/pages\/14202\/revisions\/14231"}],"wp:attachment":[{"href":"https:\/\/elexpert.ma\/index.php\/wp-json\/wp\/v2\/media?parent=14202"}],"curies":[{"name":"wp","href":"https:\/\/api.w.org\/{rel}","templated":true}]}}